{"id":6911,"date":"2026-01-14T10:28:12","date_gmt":"2026-01-14T09:28:12","guid":{"rendered":"https:\/\/legrain.tribalt.agency\/?page_id=6911"},"modified":"2026-01-22T16:19:06","modified_gmt":"2026-01-22T15:19:06","slug":"devenir-membres","status":"publish","type":"page","link":"https:\/\/lieux.tribalt.agency\/?page_id=6911","title":{"rendered":"Devenir membres"},"content":{"rendered":"\t\t<div data-elementor-type=\"wp-page\" data-elementor-id=\"6911\" class=\"elementor elementor-6911\">\n\t\t\t\t<div class=\"elementor-element elementor-element-ca3986b e-flex e-con-boxed e-con e-parent\" data-id=\"ca3986b\" data-element_type=\"container\">\n\t\t\t\t\t<div class=\"e-con-inner\">\n\t\t<div class=\"elementor-element elementor-element-9dc8f0a e-con-full e-flex e-con e-child\" data-id=\"9dc8f0a\" data-element_type=\"container\">\n\t\t\t\t<div class=\"elementor-element elementor-element-192afd3 elementor-widget elementor-widget-qi_addons_for_elementor_section_title\" data-id=\"192afd3\" data-element_type=\"widget\" data-widget_type=\"qi_addons_for_elementor_section_title.default\">\n\t\t\t\t<div class=\"elementor-widget-container\">\n\t\t\t\t\t<div class=\"qodef-shortcode qodef-m qodef-qi-section-title qodef-decoration--italic qodef-link--underline-draw qodef-subtitle-icon--left\">\n\t\t\t\t\t\t<h2 class=\"qodef-m-title\">\n\t\tADH\u00c9SION\t<\/h2>\n\t\t\t<div class=\"qodef-m-text\"><p><strong>D\u00e9velopper l\u2019\u00e9change, l\u2019entraide et la bienveillance<\/strong><br \/>Le Club de l\u2019Audace est un lieu ind\u00e9pendant d\u2019\u00e9changes et de d\u00e9bats, qui permet de s\u2019informer et de se former.<br \/>Chacun des \u00e9v\u00e8nements organis\u00e9s dans le cadre du Club s\u2019articule autour de trois temps forts :<\/p><ul class=\"arrow_list\"><li>un moment convivial durant lequel les membres \u00e9changent librement entre eux et partagent leurs exp\u00e9riences,<\/li><li>une intervention de l\u2019invit\u00e9 : un expert reconnu, un chef d\u2019entreprise ou un responsable politique,<\/li><li>un d\u00e9bat, riche de points de vue diff\u00e9rents, entre les membres et l\u2019intervenant.<\/li><\/ul><p><strong>Trouver des synergies et des opportunit\u00e9s d\u2019affaires<\/strong><br \/>Le Club de l\u2019Audace est le cadre id\u00e9al pour :<\/p><ul class=\"arrow_list\"><li>favoriser les synergies autour des comp\u00e9tences compl\u00e9mentaires des membres,<\/li><li>permettre \u00e0 chaque membre de devenir un vecteur de communication pour les autres,<\/li><li>accro\u00eetre la dynamique d\u2019activit\u00e9 entre les membres.<\/li><\/ul><\/div>\n\t<\/div>\n\t\t\t\t<\/div>\n\t\t\t\t<\/div>\n\t\t\t\t<\/div>\n\t\t\t\t\t<\/div>\n\t\t\t\t<\/div>\n\t\t<div class=\"elementor-element elementor-element-b60f196 e-flex e-con-boxed e-con e-parent\" data-id=\"b60f196\" data-element_type=\"container\">\n\t\t\t\t\t<div class=\"e-con-inner\">\n\t\t<div class=\"elementor-element elementor-element-0097f34 e-con-full e-flex e-con e-child\" data-id=\"0097f34\" data-element_type=\"container\">\n\t\t\t\t<div class=\"elementor-element elementor-element-58058f7 elementor-widget elementor-widget-qi_addons_for_elementor_section_title\" data-id=\"58058f7\" data-element_type=\"widget\" data-widget_type=\"qi_addons_for_elementor_section_title.default\">\n\t\t\t\t<div class=\"elementor-widget-container\">\n\t\t\t\t\t<div class=\"qodef-shortcode qodef-m qodef-qi-section-title qodef-decoration--italic qodef-link--underline-draw qodef-subtitle-icon--left\">\n\t\t\t\t\t\t<h2 class=\"qodef-m-title\">\n\t\tdevenez membre\t<\/h2>\n\t\t\t<div class=\"qodef-m-text\"><p>Je souhaite devenir membre du Club de l\u2019Audace pour une ann\u00e9e \u00e0 compter de ce jour. J\u2019ai bien not\u00e9 que je serai invit\u00e9 aux 10 petits-d\u00e9jeuners du Club ainsi qu\u2019aux 3 \u00e9v\u00e9nements du Cercle Sport et Entreprise. L\u2019adh\u00e9sion n\u2019est pas nominative. Il me sera possible d'en faire profiter un coll\u00e8gue ou un ami lorsque je ne pourrai pas participer moi-m\u00eame \u00e0 un \u00e9v\u00e9nement. Le montant de l\u2019adh\u00e9sion annuelle s\u2019\u00e9l\u00e8ve \u00e0 900 euros HT, soit 1.080 euros TTC.<\/p><p>Je souhaite devenir membre du Cercle Sport et Entreprise du Club de l\u2019Audace pour une ann\u00e9e \u00e0 compter de ce jour. J\u2019ai bien not\u00e9 que je serai invit\u00e9 aux 3 \u00e9v\u00e9nements du Cercle. L\u2019adh\u00e9sion n\u2019est pas nominative. Il me sera possible d'en faire profiter un coll\u00e8gue ou un ami lorsque je ne pourrai pas participer moi-m\u00eame \u00e0 un \u00e9v\u00e9nement. Le montant de l\u2019adh\u00e9sion annuelle s\u2019\u00e9l\u00e8ve \u00e0 250 euros HT, soit 300 euros TTC.<\/p><p>Je suis DRH ou RRH et je souhaite devenir membre du Cercle RH du Club de l\u2019Audace pour une ann\u00e9e \u00e0 compter de ce jour. J\u2019ai bien not\u00e9 que je serai invit\u00e9 aux 3 \u00e9v\u00e9nements du Cercle. L\u2019adh\u00e9sion n\u2019est pas nominative. Il me sera possible d'en faire profiter un coll\u00e8gue ou un ami lorsque je ne pourrai pas participer moi-m\u00eame \u00e0 un \u00e9v\u00e9nement. Le montant de l\u2019adh\u00e9sion annuelle s\u2019\u00e9l\u00e8ve \u00e0 250 euros HT, soit 300 euros TTC.<\/p><\/div>\n\t<\/div>\n\t\t\t\t<\/div>\n\t\t\t\t<\/div>\n\t\t<div class=\"elementor-element elementor-element-2077888 e-con-full e-flex e-con e-child\" data-id=\"2077888\" data-element_type=\"container\">\n\t\t\t\t<div class=\"elementor-element elementor-element-a940a92 elementor-widget elementor-widget-tadao_core_button\" data-id=\"a940a92\" data-element_type=\"widget\" data-widget_type=\"tadao_core_button.default\">\n\t\t\t\t<div class=\"elementor-widget-container\">\n\t\t\t\t\t<a class=\"qodef-shortcode qodef-m qodef-button qodef-layout--filled qodef-html--link\" href=\"\" target=\"_self\"  >\n\t<span class=\"qodef-m-text\">En ligne<\/span>\n<\/a>\n\t\t\t\t<\/div>\n\t\t\t\t<\/div>\n\t\t\t\t<div class=\"elementor-element elementor-element-44277b9 elementor-widget elementor-widget-tadao_core_button\" data-id=\"44277b9\" data-element_type=\"widget\" data-widget_type=\"tadao_core_button.default\">\n\t\t\t\t<div class=\"elementor-widget-container\">\n\t\t\t\t\t<a class=\"qodef-shortcode qodef-m qodef-button qodef-layout--filled qodef-html--link\" href=\"\" target=\"_self\"  >\n\t<span class=\"qodef-m-text\">Formulaire d&#039;adh\u00e9sion<\/span>\n<\/a>\n\t\t\t\t<\/div>\n\t\t\t\t<\/div>\n\t\t\t\t<\/div>\n\t\t\t\t<\/div>\n\t\t<div class=\"elementor-element elementor-element-e5a590a e-con-full e-flex e-con e-child\" data-id=\"e5a590a\" data-element_type=\"container\">\n\t\t\t\t<div class=\"elementor-element elementor-element-5fb4512 elementor-widget elementor-widget-image\" data-id=\"5fb4512\" data-element_type=\"widget\" data-widget_type=\"image.default\">\n\t\t\t\t\t\t\t\t\t\t\t\t\t\t\t<img fetchpriority=\"high\" decoding=\"async\" width=\"1024\" height=\"576\" src=\"https:\/\/lieux.tribalt.agency\/wp-content\/uploads\/revslider\/home-8\/h8-image-7-1024x576.jpg\" class=\"attachment-large size-large wp-image-6743\" alt=\"\" srcset=\"https:\/\/lieux.tribalt.agency\/wp-content\/uploads\/revslider\/home-8\/h8-image-7-1024x576.jpg 1024w, https:\/\/lieux.tribalt.agency\/wp-content\/uploads\/revslider\/home-8\/h8-image-7-300x169.jpg 300w, https:\/\/lieux.tribalt.agency\/wp-content\/uploads\/revslider\/home-8\/h8-image-7-768x432.jpg 768w, https:\/\/lieux.tribalt.agency\/wp-content\/uploads\/revslider\/home-8\/h8-image-7-1536x864.jpg 1536w, https:\/\/lieux.tribalt.agency\/wp-content\/uploads\/revslider\/home-8\/h8-image-7-600x338.jpg 600w, https:\/\/lieux.tribalt.agency\/wp-content\/uploads\/revslider\/home-8\/h8-image-7.jpg 1920w\" sizes=\"(max-width: 1024px) 100vw, 1024px\" \/>\t\t\t\t\t\t\t\t\t\t\t\t\t\t\t<\/div>\n\t\t\t\t<div class=\"elementor-element elementor-element-db230c7 elementor-widget elementor-widget-qi_addons_for_elementor_section_title\" data-id=\"db230c7\" data-element_type=\"widget\" data-widget_type=\"qi_addons_for_elementor_section_title.default\">\n\t\t\t\t<div class=\"elementor-widget-container\">\n\t\t\t\t\t<div class=\"qodef-shortcode qodef-m qodef-qi-section-title qodef-decoration--italic qodef-link--underline-draw qodef-subtitle-icon--left\">\n\t\t\t\t\t\t<h2 class=\"qodef-m-title\">\n\t\tInscrivez vous \u00e0 un \u00e9v\u00e8nement\t<\/h2>\n\t\t\t<div class=\"qodef-m-text\"><p>Je souhaite <strong>d\u00e9couvrir le Club de l\u2019Audace<\/strong>\u00a0et participer \u00e0 un \u00e9v\u00e8nement.<\/p><\/div>\n\t<\/div>\n\t\t\t\t<\/div>\n\t\t\t\t<\/div>\n\t\t<div class=\"elementor-element elementor-element-ed8bcd9 e-con-full e-flex e-con e-child\" data-id=\"ed8bcd9\" data-element_type=\"container\">\n\t\t\t\t<div class=\"elementor-element elementor-element-c5f584e elementor-widget elementor-widget-tadao_core_button\" data-id=\"c5f584e\" data-element_type=\"widget\" data-widget_type=\"tadao_core_button.default\">\n\t\t\t\t<div class=\"elementor-widget-container\">\n\t\t\t\t\t<a class=\"qodef-shortcode qodef-m qodef-button qodef-layout--filled qodef-html--link\" href=\"\" target=\"_self\"  >\n\t<span class=\"qodef-m-text\">En ligne<\/span>\n<\/a>\n\t\t\t\t<\/div>\n\t\t\t\t<\/div>\n\t\t\t\t<div class=\"elementor-element elementor-element-6d80d43 elementor-widget elementor-widget-tadao_core_button\" data-id=\"6d80d43\" data-element_type=\"widget\" data-widget_type=\"tadao_core_button.default\">\n\t\t\t\t<div class=\"elementor-widget-container\">\n\t\t\t\t\t<a class=\"qodef-shortcode qodef-m qodef-button qodef-layout--filled qodef-html--link\" href=\"\" target=\"_self\"  >\n\t<span class=\"qodef-m-text\">Formulaire d&#039;adh\u00e9sion<\/span>\n<\/a>\n\t\t\t\t<\/div>\n\t\t\t\t<\/div>\n\t\t\t\t<\/div>\n\t\t\t\t<\/div>\n\t\t\t\t\t<\/div>\n\t\t\t\t<\/div>\n\t\t\t\t<\/div>\n\t\t","protected":false},"excerpt":{"rendered":"<p>ADH\u00c9SION D\u00e9velopper l\u2019\u00e9change, l\u2019entraide et la bienveillanceLe Club de l\u2019Audace est un lieu ind\u00e9pendant d\u2019\u00e9changes et de d\u00e9bats, qui permet de s\u2019informer et de se former.Chacun des \u00e9v\u00e8nements organis\u00e9s dans le cadre du Club s\u2019articule autour de trois temps forts : un moment convivial durant lequel les membres \u00e9changent librement entre eux et partagent leurs [&hellip;]<\/p>\n","protected":false},"author":1,"featured_media":0,"parent":0,"menu_order":0,"comment_status":"closed","ping_status":"closed","template":"","meta":{"_acf_changed":false,"footnotes":""},"class_list":["post-6911","page","type-page","status-publish","hentry"],"acf":[],"_links":{"self":[{"href":"https:\/\/lieux.tribalt.agency\/index.php?rest_route=\/wp\/v2\/pages\/6911","targetHints":{"allow":["GET"]}}],"collection":[{"href":"https:\/\/lieux.tribalt.agency\/index.php?rest_route=\/wp\/v2\/pages"}],"about":[{"href":"https:\/\/lieux.tribalt.agency\/index.php?rest_route=\/wp\/v2\/types\/page"}],"author":[{"embeddable":true,"href":"https:\/\/lieux.tribalt.agency\/index.php?rest_route=\/wp\/v2\/users\/1"}],"replies":[{"embeddable":true,"href":"https:\/\/lieux.tribalt.agency\/index.php?rest_route=%2Fwp%2Fv2%2Fcomments&post=6911"}],"version-history":[{"count":23,"href":"https:\/\/lieux.tribalt.agency\/index.php?rest_route=\/wp\/v2\/pages\/6911\/revisions"}],"predecessor-version":[{"id":45514,"href":"https:\/\/lieux.tribalt.agency\/index.php?rest_route=\/wp\/v2\/pages\/6911\/revisions\/45514"}],"wp:attachment":[{"href":"https:\/\/lieux.tribalt.agency\/index.php?rest_route=%2Fwp%2Fv2%2Fmedia&parent=6911"}],"curies":[{"name":"wp","href":"https:\/\/api.w.org\/{rel}","templated":true}]}}